{"id":172,"date":"2024-10-29T21:04:21","date_gmt":"2024-10-30T04:04:21","guid":{"rendered":"https:\/\/hone.huajicori.gob.mx\/cabildo\/?page_id=172"},"modified":"2024-10-29T22:49:18","modified_gmt":"2024-10-30T05:49:18","slug":"comisiones-de-cabildo","status":"publish","type":"page","link":"https:\/\/hone.huajicori.gob.mx\/cabildo\/comisiones-de-cabildo\/","title":{"rendered":"Comisiones de cabildo"},"content":{"rendered":"\n[et_pb_section fb_built=\u00bb1&#8243; _builder_version=\u00bb4.27.2&#8243; _module_preset=\u00bbdefault\u00bb background_color=\u00bb#f2f2f2&#8243; custom_margin=\u00bb0px|0px|0px|0px|false|false\u00bb custom_padding=\u00bb0px|0px|0px|0px|false|false\u00bb global_colors_info=\u00bb{}\u00bb][et_pb_row _builder_version=\u00bb4.27.2&#8243; _module_preset=\u00bbdefault\u00bb module_alignment=\u00bbleft\u00bb custom_margin=\u00bb0px|0px|0px|0px|false|false\u00bb custom_padding=\u00bb0px|0px|0px|0px|false|false\u00bb global_colors_info=\u00bb{}\u00bb][et_pb_column type=\u00bb4_4&#8243; _builder_version=\u00bb4.27.2&#8243; _module_preset=\u00bbdefault\u00bb global_colors_info=\u00bb{}\u00bb][et_pb_text _builder_version=\u00bb4.27.2&#8243; _module_preset=\u00bbdefault\u00bb text_font=\u00bb&#8211;et_global_body_font||||||||\u00bb text_text_color=\u00bb#4f0303&#8243; text_font_size=\u00bb20px\u00bb custom_padding=\u00bb15px||15px|50px|false|false\u00bb global_colors_info=\u00bb{}\u00bb]<p>Comisiones Ordinarias de Cabildo del <strong>H. XLIII Ayuntamiento de Huajicori, Nayarit<\/strong><\/p>[\/et_pb_text][\/et_pb_column][\/et_pb_row][\/et_pb_section][et_pb_section fb_built=\u00bb1&#8243; _builder_version=\u00bb4.27.2&#8243; _module_preset=\u00bbdefault\u00bb background_color=\u00bb#f2f2f2&#8243; custom_margin=\u00bb||||false|false\u00bb custom_padding=\u00bb2px|||20px|false|false\u00bb global_colors_info=\u00bb{}\u00bb][et_pb_row column_structure=\u00bb1_4,1_4,1_4,1_4&#8243; use_custom_gutter=\u00bbon\u00bb _builder_version=\u00bb4.27.2&#8243; _module_preset=\u00bbdefault\u00bb background_color=\u00bb#FFFFFF\u00bb width=\u00bb90%\u00bb max_width=\u00bb90%\u00bb module_alignment=\u00bbleft\u00bb custom_margin=\u00bb|auto||20px|false|false\u00bb custom_padding=\u00bb20px|15px|10px|15px|false|false\u00bb hover_enabled=\u00bb0&#8243; border_radii=\u00bbon|6px|6px|6px|6px\u00bb border_width_top=\u00bb6px\u00bb border_color_top=\u00bb#91150e\u00bb box_shadow_style=\u00bbpreset1&#8243; global_colors_info=\u00bb{}\u00bb sticky_enabled=\u00bb0&#8243;][et_pb_column type=\u00bb1_4&#8243; _builder_version=\u00bb4.27.2&#8243; _module_preset=\u00bbdefault\u00bb global_colors_info=\u00bb{}\u00bb][et_pb_blurb title=\u00bbComisi\u00f3n de Gobernaci\u00f3n \u00bb image=\u00bbhttps:\/\/hone.huajicori.gob.mx\/cabildo\/wp-content\/uploads\/2024\/10\/palacio-de-justicia.png\u00bb image_icon_width=\u00bb40%\u00bb _builder_version=\u00bb4.27.2&#8243; _module_preset=\u00bbdefault\u00bb header_level=\u00bbh3&#8243; header_font=\u00bb&#8211;et_global_body_font|700||||on|||\u00bb header_text_align=\u00bbcenter\u00bb header_text_color=\u00bb#990c07&#8243; header_font_size=\u00bb18px\u00bb body_text_align=\u00bbcenter\u00bb body_font_size=\u00bb10px\u00bb background_color=\u00bb#FFFFFF\u00bb module_alignment=\u00bbcenter\u00bb height=\u00bb380px\u00bb custom_padding=\u00bb10px|12px|5px|22px|false|false\u00bb animation_style=\u00bbfold\u00bb border_radii=\u00bbon|6px|6px|6px|6px\u00bb border_width_top=\u00bb6px\u00bb border_color_top=\u00bb#770a07&#8243; border_style_top=\u00bbdouble\u00bb border_radii_image=\u00bbon|10px|10px|10px|10px\u00bb border_color_all_image=\u00bb#84230d\u00bb box_shadow_style=\u00bbpreset1&#8243; box_shadow_blur=\u00bb11px\u00bb global_colors_info=\u00bb{}\u00bb]<h6 style=\"text-align: center;\"><strong>Integrantes:<\/strong><\/h6>\n<p style=\"text-align: left;\"><strong>Sergio Rangel\u00a0 Cervantes<\/strong><br \/>presidente<br \/><strong>Diana Georgina Osuna de la Cruz<\/strong><br \/>secretario<br \/><strong>Yolanda Coronado Rangel<\/strong><br \/>vocal<\/p>[\/et_pb_blurb][et_pb_blurb title=\u00bbComisi\u00f3n de Seguridad P\u00fablica y transito\u00bb image=\u00bbhttps:\/\/hone.huajicori.gob.mx\/cabildo\/wp-content\/uploads\/2024\/10\/policeman.gif\u00bb image_icon_width=\u00bb40%\u00bb _builder_version=\u00bb4.27.2&#8243; _module_preset=\u00bbdefault\u00bb header_level=\u00bbh3&#8243; header_font=\u00bb&#8211;et_global_body_font|700||||on|||\u00bb header_text_align=\u00bbcenter\u00bb header_text_color=\u00bb#990c07&#8243; header_font_size=\u00bb18px\u00bb body_text_align=\u00bbcenter\u00bb body_font_size=\u00bb10px\u00bb background_color=\u00bb#FFFFFF\u00bb module_alignment=\u00bbcenter\u00bb height=\u00bb390px\u00bb custom_padding=\u00bb10px|12px|5px|22px|false|false\u00bb animation_style=\u00bbfold\u00bb border_radii=\u00bbon|6px|6px|6px|6px\u00bb border_width_top=\u00bb6px\u00bb border_color_top=\u00bb#770a07&#8243; border_style_top=\u00bbdouble\u00bb border_radii_image=\u00bbon|10px|10px|10px|10px\u00bb border_color_all_image=\u00bb#84230d\u00bb box_shadow_style=\u00bbpreset1&#8243; box_shadow_blur=\u00bb11px\u00bb global_colors_info=\u00bb{}\u00bb]<h6 style=\"text-align: center;\"><strong>Integrantes:<\/strong><\/h6>\n<p style=\"text-align: left;\"><strong>Sergio Rangel\u00a0 Cervantes<\/strong><br \/>presidente<br \/><strong>Yolanda Coronado Rangel<\/strong><br \/>secretario<br \/><strong>Gevacia Santillan Flores<\/strong><br \/>vocal<\/p>[\/et_pb_blurb][et_pb_blurb title=\u00bbComisi\u00f3n de Cultura y Deporte\u00bb image=\u00bbhttps:\/\/hone.huajicori.gob.mx\/cabildo\/wp-content\/uploads\/2024\/10\/deporte.png\u00bb image_icon_width=\u00bb40%\u00bb _builder_version=\u00bb4.27.2&#8243; _module_preset=\u00bbdefault\u00bb header_level=\u00bbh3&#8243; header_font=\u00bb&#8211;et_global_body_font|700||||on|||\u00bb header_text_align=\u00bbcenter\u00bb header_text_color=\u00bb#990c07&#8243; header_font_size=\u00bb18px\u00bb body_text_align=\u00bbcenter\u00bb body_font_size=\u00bb10px\u00bb background_color=\u00bb#FFFFFF\u00bb module_alignment=\u00bbcenter\u00bb height=\u00bb390px\u00bb custom_padding=\u00bb10px|12px|5px|22px|false|false\u00bb animation_style=\u00bbfold\u00bb border_radii=\u00bbon|6px|6px|6px|6px\u00bb border_width_top=\u00bb6px\u00bb border_color_top=\u00bb#770a07&#8243; border_style_top=\u00bbdouble\u00bb border_radii_image=\u00bbon|10px|10px|10px|10px\u00bb border_color_all_image=\u00bb#84230d\u00bb box_shadow_style=\u00bbpreset1&#8243; box_shadow_blur=\u00bb11px\u00bb global_colors_info=\u00bb{}\u00bb]<h6 style=\"text-align: center;\"><strong>Integrantes:<\/strong><\/h6>\n<p style=\"text-align: left;\"><strong>Mayra Saturnina Salinas Sifuentes<\/strong><br \/>presidente<br \/><strong>Joana Guadalupe Moran Castro<\/strong><br \/>secretario<br \/><strong>Yolanda Coronado Rangel<\/strong><br \/>vocal<\/p>[\/et_pb_blurb][et_pb_blurb title=\u00bbComisi\u00f3n de Equidad de Genero\u00bb image=\u00bbhttps:\/\/hone.huajicori.gob.mx\/cabildo\/wp-content\/uploads\/2024\/10\/balance.png\u00bb image_icon_width=\u00bb40%\u00bb _builder_version=\u00bb4.27.2&#8243; _module_preset=\u00bbdefault\u00bb header_level=\u00bbh3&#8243; header_font=\u00bb&#8211;et_global_body_font|700||||on|||\u00bb header_text_align=\u00bbcenter\u00bb header_text_color=\u00bb#990c07&#8243; header_font_size=\u00bb18px\u00bb body_font=\u00bb||||||||\u00bb body_text_align=\u00bbcenter\u00bb body_font_size=\u00bb10px\u00bb background_color=\u00bb#FFFFFF\u00bb module_alignment=\u00bbcenter\u00bb height=\u00bb390px\u00bb custom_padding=\u00bb10px|12px|5px|22px|false|false\u00bb animation_style=\u00bbfold\u00bb border_radii=\u00bbon|6px|6px|6px|6px\u00bb border_width_top=\u00bb6px\u00bb border_color_top=\u00bb#770a07&#8243; border_style_top=\u00bbdouble\u00bb border_radii_image=\u00bbon|10px|10px|10px|10px\u00bb border_color_all_image=\u00bb#84230d\u00bb box_shadow_style=\u00bbpreset1&#8243; box_shadow_blur=\u00bb11px\u00bb global_colors_info=\u00bb{}\u00bb]<h6 style=\"text-align: center;\"><strong>Integrantes:<\/strong><\/h6>\n<p style=\"text-align: left;\"><strong>Diana Georgina Osuna de la Cruz<\/strong><br \/>presidente<br \/><strong>Yolanda Cornado Rangel\u00a0<\/strong><br \/>secretario<br \/><strong>Sergio Rangel Cervantes<\/strong><br \/>vocal<\/p>[\/et_pb_blurb][\/et_pb_column][et_pb_column type=\u00bb1_4&#8243; _builder_version=\u00bb4.27.2&#8243; _module_preset=\u00bbdefault\u00bb global_colors_info=\u00bb{}\u00bb][et_pb_blurb title=\u00bbComisi\u00f3n de Hacienda y Cuenta P\u00fablica\u00bb image=\u00bbhttps:\/\/hone.huajicori.gob.mx\/cabildo\/wp-content\/uploads\/2024\/10\/contabilidad.png\u00bb image_icon_width=\u00bb40%\u00bb _builder_version=\u00bb4.27.2&#8243; _module_preset=\u00bbdefault\u00bb header_level=\u00bbh3&#8243; header_font=\u00bb&#8211;et_global_body_font|700||||on|||\u00bb header_text_align=\u00bbcenter\u00bb header_text_color=\u00bb#990c07&#8243; header_font_size=\u00bb18px\u00bb body_text_align=\u00bbcenter\u00bb body_font_size=\u00bb10px\u00bb background_color=\u00bb#FFFFFF\u00bb module_alignment=\u00bbcenter\u00bb height=\u00bb380px\u00bb custom_padding=\u00bb10px|12px|5px|22px|false|false\u00bb animation_style=\u00bbfold\u00bb border_radii=\u00bbon|6px|6px|6px|6px\u00bb border_width_top=\u00bb6px\u00bb border_color_top=\u00bb#770a07&#8243; border_style_top=\u00bbdouble\u00bb border_radii_image=\u00bbon|10px|10px|10px|10px\u00bb border_color_all_image=\u00bb#84230d\u00bb box_shadow_style=\u00bbpreset1&#8243; box_shadow_blur=\u00bb11px\u00bb global_colors_info=\u00bb{}\u00bb]<h6 style=\"text-align: center;\"><strong>Integrantes:<\/strong><\/h6>\n<p style=\"text-align: left;\"><strong>Diana Georgina Osuna de la Cruz<\/strong><br \/>presidente<br \/><strong>Sergio Rangel\u00a0 Cervantes<\/strong><br \/>secretario<br \/><strong>Mayra Saturnina Salinas Sifuentes<\/strong><br \/>vocal<\/p>[\/et_pb_blurb][et_pb_blurb title=\u00bbComisi\u00f3n de Desarrollo Urbano y Preservaci\u00f3n Ecol\u00f3gica\u00bb image=\u00bbhttps:\/\/hone.huajicori.gob.mx\/cabildo\/wp-content\/uploads\/2024\/10\/hospital.png\u00bb image_icon_width=\u00bb40%\u00bb _builder_version=\u00bb4.27.2&#8243; _module_preset=\u00bbdefault\u00bb header_level=\u00bbh3&#8243; header_font=\u00bb&#8211;et_global_body_font|700||||on|||\u00bb header_text_align=\u00bbcenter\u00bb header_text_color=\u00bb#990c07&#8243; header_font_size=\u00bb18px\u00bb body_text_align=\u00bbcenter\u00bb body_font_size=\u00bb10px\u00bb background_color=\u00bb#FFFFFF\u00bb module_alignment=\u00bbcenter\u00bb height=\u00bb390px\u00bb custom_padding=\u00bb10px|12px|5px|22px|false|false\u00bb animation_style=\u00bbfold\u00bb border_radii=\u00bbon|6px|6px|6px|6px\u00bb border_width_top=\u00bb6px\u00bb border_color_top=\u00bb#770a07&#8243; border_style_top=\u00bbdouble\u00bb border_radii_image=\u00bbon|10px|10px|10px|10px\u00bb border_color_all_image=\u00bb#84230d\u00bb box_shadow_style=\u00bbpreset1&#8243; box_shadow_blur=\u00bb11px\u00bb global_colors_info=\u00bb{}\u00bb]<h6 style=\"text-align: center;\"><strong>Integrantes:<\/strong><\/h6>\n<p style=\"text-align: left;\"><strong>Martha Berenice Valles de la Rosa<\/strong><br \/>presidente<br \/><strong>Mayra Saturnina Salinas Sifuentes<\/strong><br \/>secretario<br \/><strong>Ram\u00f3n Armando Navarro Casta\u00f1eda<\/strong><br \/>vocal<\/p>[\/et_pb_blurb][et_pb_blurb title=\u00bbComisi\u00f3n de Desarrollo Econ\u00f3mico\u00bb image=\u00bbhttps:\/\/hone.huajicori.gob.mx\/cabildo\/wp-content\/uploads\/2024\/10\/crecimiento-economico.png\u00bb image_icon_width=\u00bb40%\u00bb _builder_version=\u00bb4.27.2&#8243; _module_preset=\u00bbdefault\u00bb header_level=\u00bbh3&#8243; header_font=\u00bb&#8211;et_global_body_font|700||||on|||\u00bb header_text_align=\u00bbcenter\u00bb header_text_color=\u00bb#990c07&#8243; header_font_size=\u00bb18px\u00bb body_text_align=\u00bbcenter\u00bb body_font_size=\u00bb10px\u00bb background_color=\u00bb#FFFFFF\u00bb module_alignment=\u00bbcenter\u00bb height=\u00bb390px\u00bb custom_padding=\u00bb10px|12px|5px|22px|false|false\u00bb animation_style=\u00bbfold\u00bb border_radii=\u00bbon|6px|6px|6px|6px\u00bb border_width_top=\u00bb6px\u00bb border_color_top=\u00bb#770a07&#8243; border_style_top=\u00bbdouble\u00bb border_radii_image=\u00bbon|10px|10px|10px|10px\u00bb border_color_all_image=\u00bb#84230d\u00bb box_shadow_style=\u00bbpreset1&#8243; box_shadow_blur=\u00bb11px\u00bb global_colors_info=\u00bb{}\u00bb]<h6 style=\"text-align: center;\"><strong>Integrantes:<\/strong><\/h6>\n<p style=\"text-align: left;\"><strong>Martha Berenice Valles de la Rosa<\/strong><br \/>presidente<br \/><strong>Ram\u00f3n Armando Navarro Casta\u00f1eda<\/strong><br \/>secretario<br \/><strong>Yolanda Coronado Rangel<\/strong><br \/>vocal<\/p>[\/et_pb_blurb][\/et_pb_column][et_pb_column type=\u00bb1_4&#8243; _builder_version=\u00bb4.27.2&#8243; _module_preset=\u00bbdefault\u00bb global_colors_info=\u00bb{}\u00bb][et_pb_blurb title=\u00bbComisi\u00f3n de Obras P\u00fablicas\u00bb image=\u00bbhttps:\/\/hone.huajicori.gob.mx\/cabildo\/wp-content\/uploads\/2024\/10\/ingeniero.png\u00bb image_icon_width=\u00bb40%\u00bb _builder_version=\u00bb4.27.2&#8243; _module_preset=\u00bbdefault\u00bb header_level=\u00bbh3&#8243; header_font=\u00bb&#8211;et_global_body_font|700||||on|||\u00bb header_text_align=\u00bbcenter\u00bb header_text_color=\u00bb#990c07&#8243; header_font_size=\u00bb18px\u00bb body_text_align=\u00bbcenter\u00bb body_font_size=\u00bb10px\u00bb background_color=\u00bb#FFFFFF\u00bb module_alignment=\u00bbcenter\u00bb height=\u00bb380px\u00bb custom_padding=\u00bb10px|12px|5px|22px|false|false\u00bb animation_style=\u00bbfold\u00bb border_radii=\u00bbon|6px|6px|6px|6px\u00bb border_width_top=\u00bb6px\u00bb border_color_top=\u00bb#770a07&#8243; border_style_top=\u00bbdouble\u00bb border_radii_image=\u00bbon|10px|10px|10px|10px\u00bb border_color_all_image=\u00bb#84230d\u00bb box_shadow_style=\u00bbpreset1&#8243; box_shadow_blur=\u00bb11px\u00bb global_colors_info=\u00bb{}\u00bb]<h6 style=\"text-align: center;\"><strong>Integrantes:<\/strong><\/h6>\n<p style=\"text-align: left;\"><strong>Ramon Armando Navarro Casta\u00f1eda<\/strong><br \/>presidente<br \/><strong>Diana Georgina Osuna de la Cruz<\/strong><br \/>secretario<br \/><strong>Joana Guadalupe Moran Castro<\/strong><br \/>vocal<\/p>[\/et_pb_blurb][et_pb_blurb title=\u00bbComisi\u00f3n de Salud P\u00fablica y Seguridad Social\u00bb image=\u00bbhttps:\/\/hone.huajicori.gob.mx\/cabildo\/wp-content\/uploads\/2024\/10\/health-insurance.png\u00bb image_icon_width=\u00bb40%\u00bb _builder_version=\u00bb4.27.2&#8243; _module_preset=\u00bbdefault\u00bb header_level=\u00bbh3&#8243; header_font=\u00bb&#8211;et_global_body_font|700||||on|||\u00bb header_text_align=\u00bbcenter\u00bb header_text_color=\u00bb#990c07&#8243; header_font_size=\u00bb18px\u00bb body_text_align=\u00bbcenter\u00bb body_font_size=\u00bb10px\u00bb background_color=\u00bb#FFFFFF\u00bb module_alignment=\u00bbcenter\u00bb height=\u00bb390px\u00bb custom_padding=\u00bb10px|12px|5px|22px|false|false\u00bb animation_style=\u00bbfold\u00bb border_radii=\u00bbon|6px|6px|6px|6px\u00bb border_width_top=\u00bb6px\u00bb border_color_top=\u00bb#770a07&#8243; border_style_top=\u00bbdouble\u00bb border_radii_image=\u00bbon|10px|10px|10px|10px\u00bb border_color_all_image=\u00bb#84230d\u00bb box_shadow_style=\u00bbpreset1&#8243; box_shadow_blur=\u00bb11px\u00bb global_colors_info=\u00bb{}\u00bb]<h6 style=\"text-align: center;\"><strong>Integrantes:<\/strong><\/h6>\n<p style=\"text-align: left;\"><strong>Yolanda Coronadao Rangel<\/strong><br \/>presidente<br \/><strong>Gevacia Santillan Flores<\/strong><br \/>secretario<br \/><strong>Jos\u00e9 Cervantes Gonz\u00e1lez<\/strong><br \/>vocal<\/p>[\/et_pb_blurb][et_pb_blurb title=\u00bbComisi\u00f3n de Asuntos Constitucionales y Reglamentos\u00bb image=\u00bbhttps:\/\/hone.huajicori.gob.mx\/cabildo\/wp-content\/uploads\/2024\/10\/libros.png\u00bb image_icon_width=\u00bb40%\u00bb _builder_version=\u00bb4.27.2&#8243; _module_preset=\u00bbdefault\u00bb header_level=\u00bbh3&#8243; header_font=\u00bb&#8211;et_global_body_font|700||||on|||\u00bb header_text_align=\u00bbcenter\u00bb header_text_color=\u00bb#990c07&#8243; header_font_size=\u00bb18px\u00bb body_text_align=\u00bbcenter\u00bb body_font_size=\u00bb10px\u00bb background_color=\u00bb#FFFFFF\u00bb module_alignment=\u00bbcenter\u00bb height=\u00bb390px\u00bb custom_padding=\u00bb10px|12px|5px|22px|false|false\u00bb animation_style=\u00bbfold\u00bb border_radii=\u00bbon|6px|6px|6px|6px\u00bb border_width_top=\u00bb6px\u00bb border_color_top=\u00bb#770a07&#8243; border_style_top=\u00bbdouble\u00bb border_radii_image=\u00bbon|10px|10px|10px|10px\u00bb border_color_all_image=\u00bb#84230d\u00bb box_shadow_style=\u00bbpreset1&#8243; box_shadow_blur=\u00bb11px\u00bb global_colors_info=\u00bb{}\u00bb]<h6 style=\"text-align: center;\"><strong>Integrantes:<\/strong><\/h6>\n<p style=\"text-align: left;\"><strong>Sergio Rangel Cervantes<\/strong><br \/>presidente<br \/><strong>Martha Berenice Valles de la Rosa<\/strong><br \/>secretario<br \/><strong>Diana Georgina Osuna de la Cruz<\/strong><br \/>vocal<\/p>[\/et_pb_blurb][\/et_pb_column][et_pb_column type=\u00bb1_4&#8243; _builder_version=\u00bb4.27.2&#8243; _module_preset=\u00bbdefault\u00bb global_colors_info=\u00bb{}\u00bb][et_pb_blurb title=\u00bbComisi\u00f3n de Servicios P\u00fablicos\u00bb image=\u00bbhttps:\/\/hone.huajicori.gob.mx\/cabildo\/wp-content\/uploads\/2024\/10\/cartelera.gif\u00bb image_icon_width=\u00bb40%\u00bb _builder_version=\u00bb4.27.2&#8243; _module_preset=\u00bbdefault\u00bb header_level=\u00bbh3&#8243; header_font=\u00bb&#8211;et_global_body_font|700||||on|||\u00bb header_text_align=\u00bbcenter\u00bb header_text_color=\u00bb#990c07&#8243; header_font_size=\u00bb18px\u00bb body_text_align=\u00bbcenter\u00bb body_font_size=\u00bb10px\u00bb background_color=\u00bb#FFFFFF\u00bb module_alignment=\u00bbcenter\u00bb height=\u00bb380px\u00bb custom_padding=\u00bb10px|12px|5px|22px|false|false\u00bb animation_style=\u00bbfold\u00bb border_radii=\u00bbon|6px|6px|6px|6px\u00bb border_width_top=\u00bb6px\u00bb border_color_top=\u00bb#770a07&#8243; border_style_top=\u00bbdouble\u00bb border_radii_image=\u00bbon|10px|10px|10px|10px\u00bb border_color_all_image=\u00bb#84230d\u00bb box_shadow_style=\u00bbpreset1&#8243; box_shadow_blur=\u00bb11px\u00bb global_colors_info=\u00bb{}\u00bb]<h6 style=\"text-align: center;\"><strong>Integrantes:<\/strong><\/h6>\n<p style=\"text-align: left;\"><strong>Joana Guadalupe Moran Castro<\/strong><br \/>presidente<br \/><strong>Martha Berenice Valles de la Rosa<\/strong><br \/>secretario<br \/><strong>Geovacia Santillan Flores<\/strong><br \/>vocal<\/p>[\/et_pb_blurb][et_pb_blurb title=\u00bbComisi\u00f3n de Educaci\u00f3n y Recreaci\u00f3n\u00bb image=\u00bbhttps:\/\/hone.huajicori.gob.mx\/cabildo\/wp-content\/uploads\/2024\/10\/student.gif\u00bb image_icon_width=\u00bb40%\u00bb _builder_version=\u00bb4.27.2&#8243; _module_preset=\u00bbdefault\u00bb header_level=\u00bbh3&#8243; header_font=\u00bb&#8211;et_global_body_font|700||||on|||\u00bb header_text_align=\u00bbcenter\u00bb header_text_color=\u00bb#990c07&#8243; header_font_size=\u00bb18px\u00bb body_text_align=\u00bbcenter\u00bb body_font_size=\u00bb10px\u00bb background_color=\u00bb#FFFFFF\u00bb module_alignment=\u00bbcenter\u00bb height=\u00bb390px\u00bb custom_padding=\u00bb10px|12px|5px|22px|false|false\u00bb animation_style=\u00bbfold\u00bb border_radii=\u00bbon|6px|6px|6px|6px\u00bb border_width_top=\u00bb6px\u00bb border_color_top=\u00bb#770a07&#8243; border_style_top=\u00bbdouble\u00bb border_radii_image=\u00bbon|10px|10px|10px|10px\u00bb border_color_all_image=\u00bb#84230d\u00bb box_shadow_style=\u00bbpreset1&#8243; box_shadow_blur=\u00bb11px\u00bb global_colors_info=\u00bb{}\u00bb]<h6 style=\"text-align: center;\"><strong>Integrantes:<\/strong><\/h6>\n<p style=\"text-align: left;\"><strong>Mayra Saturnina Salinas Sifuentes<\/strong><br \/>presidente<br \/><strong>Gevacia Santillan Flores<\/strong><br \/>secretario<br \/><strong>Diana Georgina Osuna de la Cruz<\/strong><br \/>vocal<\/p>[\/et_pb_blurb][et_pb_blurb title=\u00bbComisi\u00f3n de Asuntos Indigenas\u00bb image=\u00bbhttps:\/\/hone.huajicori.gob.mx\/cabildo\/wp-content\/uploads\/2024\/10\/OIP-1.jpg\u00bb image_icon_width=\u00bb40%\u00bb _builder_version=\u00bb4.27.2&#8243; _module_preset=\u00bbdefault\u00bb header_level=\u00bbh3&#8243; header_font=\u00bb&#8211;et_global_body_font|700||||on|||\u00bb header_text_align=\u00bbcenter\u00bb header_text_color=\u00bb#990c07&#8243; header_font_size=\u00bb18px\u00bb body_text_align=\u00bbcenter\u00bb body_font_size=\u00bb10px\u00bb background_color=\u00bb#FFFFFF\u00bb module_alignment=\u00bbcenter\u00bb height=\u00bb390px\u00bb custom_padding=\u00bb10px|12px|5px|22px|false|false\u00bb animation_style=\u00bbfold\u00bb border_radii=\u00bbon|6px|6px|6px|6px\u00bb border_width_top=\u00bb6px\u00bb border_color_top=\u00bb#770a07&#8243; border_style_top=\u00bbdouble\u00bb border_radii_image=\u00bbon|100px|100px|100px|100px\u00bb border_color_all_image=\u00bb#84230d\u00bb box_shadow_style=\u00bbpreset1&#8243; box_shadow_blur=\u00bb11px\u00bb global_colors_info=\u00bb{}\u00bb]<h6 style=\"text-align: center;\"><strong>Integrantes:<\/strong><\/h6>\n<p style=\"text-align: left;\"><strong>Jos\u00e9 Cervantes Gonz\u00e1lez<\/strong><br \/>presidente<br \/><strong>Gevacia Santill\u00e1n Flores<\/strong><br \/>secretario<br \/><strong>Diana Georgina Osuna de la Cruz<\/strong><br \/>vocal<\/p>[\/et_pb_blurb][\/et_pb_column][\/et_pb_row][\/et_pb_section]\n","protected":false},"excerpt":{"rendered":"<p>Comisiones Ordinarias de Cabildo del H. XLIII Ayuntamiento de Huajicori, NayaritIntegrantes: Sergio Rangel\u00a0 CervantespresidenteDiana Georgina Osuna de la CruzsecretarioYolanda Coronado RangelvocalIntegrantes: Sergio Rangel\u00a0 CervantespresidenteYolanda Coronado RangelsecretarioGevacia Santillan FloresvocalIntegrantes: Mayra Saturnina Salinas SifuentespresidenteJoana Guadalupe Moran CastrosecretarioYolanda Coronado RangelvocalIntegrantes: Diana Georgina Osuna de la CruzpresidenteYolanda Cornado Rangel\u00a0secretarioSergio Rangel CervantesvocalIntegrantes: Diana Georgina Osuna de la CruzpresidenteSergio Rangel\u00a0 CervantessecretarioMayra [&hellip;]<\/p>\n","protected":false},"author":1,"featured_media":0,"parent":0,"menu_order":0,"comment_status":"closed","ping_status":"closed","template":"","meta":{"_et_pb_use_builder":"on","_et_pb_old_content":"","_et_gb_content_width":"","footnotes":""},"class_list":["post-172","page","type-page","status-publish","hentry"],"aioseo_notices":[],"_links":{"self":[{"href":"https:\/\/hone.huajicori.gob.mx\/cabildo\/wp-json\/wp\/v2\/pages\/172","targetHints":{"allow":["GET"]}}],"collection":[{"href":"https:\/\/hone.huajicori.gob.mx\/cabildo\/wp-json\/wp\/v2\/pages"}],"about":[{"href":"https:\/\/hone.huajicori.gob.mx\/cabildo\/wp-json\/wp\/v2\/types\/page"}],"author":[{"embeddable":true,"href":"https:\/\/hone.huajicori.gob.mx\/cabildo\/wp-json\/wp\/v2\/users\/1"}],"replies":[{"embeddable":true,"href":"https:\/\/hone.huajicori.gob.mx\/cabildo\/wp-json\/wp\/v2\/comments?post=172"}],"version-history":[{"count":9,"href":"https:\/\/hone.huajicori.gob.mx\/cabildo\/wp-json\/wp\/v2\/pages\/172\/revisions"}],"predecessor-version":[{"id":183,"href":"https:\/\/hone.huajicori.gob.mx\/cabildo\/wp-json\/wp\/v2\/pages\/172\/revisions\/183"}],"wp:attachment":[{"href":"https:\/\/hone.huajicori.gob.mx\/cabildo\/wp-json\/wp\/v2\/media?parent=172"}],"curies":[{"name":"wp","href":"https:\/\/api.w.org\/{rel}","templated":true}]}}