{"id":46,"date":"2024-10-21T23:15:42","date_gmt":"2024-10-22T06:15:42","guid":{"rendered":"https:\/\/hone.huajicori.gob.mx\/cabildo\/?page_id=46"},"modified":"2024-10-29T23:55:18","modified_gmt":"2024-10-30T06:55:18","slug":"integrantes-de-cabildo","status":"publish","type":"page","link":"https:\/\/hone.huajicori.gob.mx\/cabildo\/integrantes-de-cabildo\/","title":{"rendered":"Integrantes de Cabildo"},"content":{"rendered":"<p>[et_pb_section fb_built=\u00bb1&#8243; _builder_version=\u00bb4.27.2&#8243; _module_preset=\u00bbdefault\u00bb background_color=\u00bb#f2f2f2&#8243; custom_margin=\u00bb0px|0px|0px|0px|false|false\u00bb custom_padding=\u00bb0px|0px|0px|0px|false|false\u00bb global_colors_info=\u00bb{}\u00bb][et_pb_row _builder_version=\u00bb4.27.2&#8243; _module_preset=\u00bbdefault\u00bb module_alignment=\u00bbleft\u00bb custom_margin=\u00bb0px|0px|0px|0px|false|false\u00bb custom_padding=\u00bb0px|0px|0px|0px|false|false\u00bb global_colors_info=\u00bb{}\u00bb][et_pb_column type=\u00bb4_4&#8243; _builder_version=\u00bb4.27.2&#8243; _module_preset=\u00bbdefault\u00bb global_colors_info=\u00bb{}\u00bb][et_pb_text _builder_version=\u00bb4.27.2&#8243; _module_preset=\u00bbdefault\u00bb text_font=\u00bb&#8211;et_global_body_font||||||||\u00bb text_text_color=\u00bb#4f0303&#8243; text_font_size=\u00bb20px\u00bb custom_padding=\u00bb15px||15px|50px|false|false\u00bb global_colors_info=\u00bb{}\u00bb]<\/p>\n<p>Integrantes del Cabildo del <strong>H. XLIII Ayuntamiento de Huajicori, Nayarit<\/strong><\/p>\n<p>[\/et_pb_text][\/et_pb_column][\/et_pb_row][\/et_pb_section][et_pb_section fb_built=\u00bb1&#8243; _builder_version=\u00bb4.27.2&#8243; _module_preset=\u00bbdefault\u00bb background_color=\u00bb#f2f2f2&#8243; background_pattern_horizontal_offset=\u00bb0%\u00bb custom_padding=\u00bb2px|||20px|false|false\u00bb global_colors_info=\u00bb{}\u00bb][et_pb_row column_structure=\u00bb1_2,1_2&#8243; use_custom_gutter=\u00bbon\u00bb gutter_width=\u00bb1&#8243; _builder_version=\u00bb4.27.2&#8243; _module_preset=\u00bbdefault\u00bb background_color=\u00bb#FFFFFF\u00bb width=\u00bb90%\u00bb max_width=\u00bb90%\u00bb module_alignment=\u00bbleft\u00bb border_radii=\u00bbon|3px|3px|3px|3px\u00bb border_width_top=\u00bb7px\u00bb border_color_top=\u00bb#a31515&#8243; box_shadow_style=\u00bbpreset1&#8243; global_colors_info=\u00bb{}\u00bb][et_pb_column type=\u00bb1_2&#8243; _builder_version=\u00bb4.27.2&#8243; _module_preset=\u00bbdefault\u00bb global_colors_info=\u00bb{}\u00bb][et_pb_blurb title=\u00bbSergio Rangel Cervantes\u00bb image=\u00bbhttps:\/\/hone.huajicori.gob.mx\/cabildo\/wp-content\/uploads\/2024\/10\/Presidente.png\u00bb image_icon_width=\u00bb50%\u00bb _builder_version=\u00bb4.27.2&#8243; _module_preset=\u00bbdefault\u00bb header_font=\u00bbPoppins|||||on|||\u00bb header_text_align=\u00bbcenter\u00bb background_color=\u00bb#FFFFFF\u00bb image_icon_custom_padding=\u00bb5px||0px||false|false\u00bb width=\u00bb250px\u00bb module_alignment=\u00bbcenter\u00bb min_height=\u00bb250px\u00bb custom_padding=\u00bb10px||5px||false|false\u00bb animation_style=\u00bbfold\u00bb animation_duration=\u00bb1500ms\u00bb border_radii=\u00bbon|8px|8px|8px|8px\u00bb border_radii_image=\u00bbon|10px|10px|10px|10px\u00bb border_width_all_image=\u00bb1px\u00bb border_color_all_image=\u00bb#84230d\u00bb border_style_all_image=\u00bboutset\u00bb box_shadow_style=\u00bbpreset1&#8243; box_shadow_blur=\u00bb11px\u00bb global_colors_info=\u00bb{}\u00bb]<\/p>\n<p style=\"text-align: center;\"><strong>Puesto:<\/strong> Presidente Municipal.<\/p>\n<p>[\/et_pb_blurb][\/et_pb_column][et_pb_column type=\u00bb1_2&#8243; _builder_version=\u00bb4.27.2&#8243; _module_preset=\u00bbdefault\u00bb global_colors_info=\u00bb{}\u00bb][et_pb_blurb title=\u00bbDiana Georgina Osuna de la Cruz\u00bb image=\u00bbhttps:\/\/hone.huajicori.gob.mx\/cabildo\/wp-content\/uploads\/2024\/10\/d.jpg\u00bb image_icon_width=\u00bb50%\u00bb _builder_version=\u00bb4.27.2&#8243; _module_preset=\u00bbdefault\u00bb header_font=\u00bbPoppins|||||on|||\u00bb header_text_align=\u00bbcenter\u00bb background_color=\u00bb#FFFFFF\u00bb width=\u00bb250px\u00bb module_alignment=\u00bbcenter\u00bb min_height=\u00bb250px\u00bb custom_padding=\u00bb10px|10px|5px|10px|false|false\u00bb animation_style=\u00bbfold\u00bb animation_duration=\u00bb1500ms\u00bb border_radii=\u00bbon|10px|10px|10px|10px\u00bb border_radii_image=\u00bbon|10px|10px|10px|10px\u00bb border_width_all_image=\u00bb2px\u00bb border_color_all_image=\u00bb#84230d\u00bb box_shadow_style=\u00bbpreset1&#8243; box_shadow_blur=\u00bb11px\u00bb global_colors_info=\u00bb{}\u00bb]<\/p>\n<p style=\"text-align: center;\"><strong>Puesto:<\/strong> Sindico Municipal.<\/p>\n<p>[\/et_pb_blurb][\/et_pb_column][\/et_pb_row][et_pb_row column_structure=\u00bb1_4,1_4,1_4,1_4&#8243; use_custom_gutter=\u00bbon\u00bb gutter_width=\u00bb2&#8243; _builder_version=\u00bb4.27.2&#8243; _module_preset=\u00bbdefault\u00bb background_color=\u00bb#FFFFFF\u00bb width=\u00bb90%\u00bb max_width=\u00bb90%\u00bb module_alignment=\u00bbleft\u00bb custom_margin=\u00bb15px||||false|false\u00bb custom_padding=\u00bb|5px||5px|false|false\u00bb border_radii=\u00bbon|5px|5px|5px|5px\u00bb border_color_all=\u00bb#a31515&#8243; border_width_top=\u00bb7px\u00bb box_shadow_style=\u00bbpreset3&#8243; global_colors_info=\u00bb{}\u00bb][et_pb_column type=\u00bb1_4&#8243; _builder_version=\u00bb4.27.2&#8243; _module_preset=\u00bbdefault\u00bb global_colors_info=\u00bb{}\u00bb][et_pb_blurb title=\u00bbRamon Armando Navarro Casta\u00f1eda\u00bb _builder_version=\u00bb4.27.2&#8243; _module_preset=\u00bbdefault\u00bb header_level=\u00bbh5&#8243; header_font=\u00bbPoppins||||||||\u00bb header_text_align=\u00bbcenter\u00bb background_color=\u00bb#FFFFFF\u00bb width=\u00bb240px\u00bb module_alignment=\u00bbcenter\u00bb custom_padding=\u00bb10px|10px|5px|10px|false|false\u00bb animation_style=\u00bbfold\u00bb hover_enabled=\u00bb0&#8243; border_radii=\u00bbon|10px|10px|10px|10px\u00bb border_radii_image=\u00bbon|10px|10px|10px|10px\u00bb border_width_all_image=\u00bb2px\u00bb border_color_all_image=\u00bb#84230d\u00bb box_shadow_style=\u00bbpreset1&#8243; box_shadow_blur=\u00bb11px\u00bb global_colors_info=\u00bb{}\u00bb title_text=\u00bbRamon\u00bb image=\u00bbhttps:\/\/hone.huajicori.gob.mx\/cabildo\/wp-content\/uploads\/2024\/10\/Ramon.jpg\u00bb image_icon_width=\u00bb50%\u00bb sticky_enabled=\u00bb0&#8243; min_height=\u00bb250px\u00bb custom_margin=\u00bb||||false|false\u00bb]<\/p>\n<p style=\"text-align: center;\"><strong>Puesto:<\/strong>Regidor.<br \/><strong>Demarcaci\u00f3n:<\/strong> 1<br \/><strong>Partido Pol\u00edtico:<\/strong><br \/><img loading=\"lazy\" decoding=\"async\" src=\"https:\/\/hone.huajicori.gob.mx\/cabildo\/wp-content\/uploads\/2024\/10\/405242254_742382007936313_6960596378327664193_n-300x300.jpg\" width=\"30\" height=\"30\" alt=\"\" class=\"wp-image-49 alignnone size-medium\" \/> <img loading=\"lazy\" decoding=\"async\" src=\"https:\/\/hone.huajicori.gob.mx\/cabildo\/wp-content\/uploads\/2024\/10\/Perfil-2048x2048-1-300x300.png\" width=\"30\" height=\"30\" alt=\"\" class=\"wp-image-50 alignnone size-medium\" \/> <img loading=\"lazy\" decoding=\"async\" src=\"https:\/\/hone.huajicori.gob.mx\/cabildo\/wp-content\/uploads\/2024\/10\/descarga.jpg\" width=\"30\" height=\"30\" alt=\"\" class=\"wp-image-51 alignnone size-full\" srcset=\"https:\/\/hone.huajicori.gob.mx\/cabildo\/wp-content\/uploads\/2024\/10\/descarga.jpg 225w, https:\/\/hone.huajicori.gob.mx\/cabildo\/wp-content\/uploads\/2024\/10\/descarga-150x150.jpg 150w\" sizes=\"(max-width: 30px) 100vw, 30px\" \/> <img loading=\"lazy\" decoding=\"async\" src=\"https:\/\/hone.huajicori.gob.mx\/cabildo\/wp-content\/uploads\/2024\/10\/logo.webp\" width=\"30\" height=\"30\" alt=\"\" class=\"wp-image-52 alignnone size-full\" \/><\/p>\n<p>[\/et_pb_blurb][et_pb_blurb title=\u00bbJevacia Santill\u00e1n Flores\u00bb _builder_version=\u00bb4.27.2&#8243; _module_preset=\u00bbdefault\u00bb header_level=\u00bbh5&#8243; header_font=\u00bbPoppins||||||||\u00bb header_text_align=\u00bbcenter\u00bb background_color=\u00bb#FFFFFF\u00bb width=\u00bb240px\u00bb module_alignment=\u00bbcenter\u00bb custom_margin=\u00bb|||51px||\u00bb custom_padding=\u00bb10px|10px|5px|10px|false|true\u00bb animation_style=\u00bbfold\u00bb hover_enabled=\u00bb0&#8243; border_radii=\u00bbon|10px|10px|10px|10px\u00bb border_radii_image=\u00bbon|10px|10px|10px|10px\u00bb border_width_all_image=\u00bb2px\u00bb border_color_all_image=\u00bb#84230d\u00bb box_shadow_style=\u00bbpreset1&#8243; box_shadow_blur=\u00bb11px\u00bb global_colors_info=\u00bb{}\u00bb image_icon_width=\u00bb50%\u00bb title_text=\u00bbjevacia\u00bb image=\u00bbhttps:\/\/hone.huajicori.gob.mx\/cabildo\/wp-content\/uploads\/2024\/10\/jevacia.jpg\u00bb sticky_enabled=\u00bb0&#8243; min_height=\u00bb310px\u00bb height=\u00bb310px\u00bb max_height=\u00bb310px\u00bb]<\/p>\n<p style=\"text-align: center;\"><strong>Puesto:<\/strong>Regidor.<br \/><strong>Demarcaci\u00f3n:<\/strong> 2<br \/><strong>Partido Pol\u00edtico:<\/strong><br \/><img loading=\"lazy\" decoding=\"async\" src=\"https:\/\/hone.huajicori.gob.mx\/cabildo\/wp-content\/uploads\/2024\/10\/405242254_742382007936313_6960596378327664193_n-300x300.jpg\" width=\"30\" height=\"30\" alt=\"\" class=\"wp-image-49 alignnone size-medium\" \/> <img loading=\"lazy\" decoding=\"async\" src=\"https:\/\/hone.huajicori.gob.mx\/cabildo\/wp-content\/uploads\/2024\/10\/Perfil-2048x2048-1-300x300.png\" width=\"30\" height=\"30\" alt=\"\" class=\"wp-image-50 alignnone size-medium\" \/> <img loading=\"lazy\" decoding=\"async\" src=\"https:\/\/hone.huajicori.gob.mx\/cabildo\/wp-content\/uploads\/2024\/10\/descarga.jpg\" width=\"30\" height=\"30\" alt=\"\" class=\"wp-image-51 alignnone size-full\" srcset=\"https:\/\/hone.huajicori.gob.mx\/cabildo\/wp-content\/uploads\/2024\/10\/descarga.jpg 225w, https:\/\/hone.huajicori.gob.mx\/cabildo\/wp-content\/uploads\/2024\/10\/descarga-150x150.jpg 150w\" sizes=\"(max-width: 30px) 100vw, 30px\" \/> <img loading=\"lazy\" decoding=\"async\" src=\"https:\/\/hone.huajicori.gob.mx\/cabildo\/wp-content\/uploads\/2024\/10\/logo.webp\" width=\"30\" height=\"30\" alt=\"\" class=\"wp-image-52 alignnone size-full\" \/><\/p>\n<p>[\/et_pb_blurb][\/et_pb_column][et_pb_column type=\u00bb1_4&#8243; _builder_version=\u00bb4.27.2&#8243; _module_preset=\u00bbdefault\u00bb global_colors_info=\u00bb{}\u00bb][et_pb_blurb title=\u00bbJoana Guadalupe Moran Castro\u00bb _builder_version=\u00bb4.27.2&#8243; _module_preset=\u00bbdefault\u00bb header_level=\u00bbh5&#8243; header_font=\u00bbPoppins||||||||\u00bb header_text_align=\u00bbcenter\u00bb background_color=\u00bb#FFFFFF\u00bb width=\u00bb240px\u00bb module_alignment=\u00bbcenter\u00bb custom_padding=\u00bb10px|10px|5px|10px|false|true\u00bb animation_style=\u00bbfold\u00bb hover_enabled=\u00bb0&#8243; border_radii=\u00bbon|10px|10px|10px|10px\u00bb border_radii_image=\u00bbon|10px|10px|10px|10px\u00bb border_width_all_image=\u00bb2px\u00bb border_color_all_image=\u00bb#84230d\u00bb box_shadow_style=\u00bbpreset1&#8243; box_shadow_blur=\u00bb11px\u00bb global_colors_info=\u00bb{}\u00bb title_text=\u00bbjoana\u00bb image=\u00bbhttps:\/\/hone.huajicori.gob.mx\/cabildo\/wp-content\/uploads\/2024\/10\/joana.jpg\u00bb image_icon_width=\u00bb50%\u00bb sticky_enabled=\u00bb0&#8243;]<\/p>\n<p style=\"text-align: center;\"><strong>Puesto:<\/strong>Regidor.<br \/><strong>Demarcaci\u00f3n:<\/strong> 2<br \/><strong>Partido Pol\u00edtico:<\/strong><br \/><img loading=\"lazy\" decoding=\"async\" src=\"https:\/\/hone.huajicori.gob.mx\/cabildo\/wp-content\/uploads\/2024\/10\/405242254_742382007936313_6960596378327664193_n-300x300.jpg\" width=\"30\" height=\"30\" alt=\"\" class=\"wp-image-49 alignnone size-medium\" \/> <img loading=\"lazy\" decoding=\"async\" src=\"https:\/\/hone.huajicori.gob.mx\/cabildo\/wp-content\/uploads\/2024\/10\/Perfil-2048x2048-1-300x300.png\" width=\"30\" height=\"30\" alt=\"\" class=\"wp-image-50 alignnone size-medium\" \/> <img loading=\"lazy\" decoding=\"async\" src=\"https:\/\/hone.huajicori.gob.mx\/cabildo\/wp-content\/uploads\/2024\/10\/descarga.jpg\" width=\"30\" height=\"30\" alt=\"\" class=\"wp-image-51 alignnone size-full\" srcset=\"https:\/\/hone.huajicori.gob.mx\/cabildo\/wp-content\/uploads\/2024\/10\/descarga.jpg 225w, https:\/\/hone.huajicori.gob.mx\/cabildo\/wp-content\/uploads\/2024\/10\/descarga-150x150.jpg 150w\" sizes=\"(max-width: 30px) 100vw, 30px\" \/> <img loading=\"lazy\" decoding=\"async\" src=\"https:\/\/hone.huajicori.gob.mx\/cabildo\/wp-content\/uploads\/2024\/10\/logo.webp\" width=\"30\" height=\"30\" alt=\"\" class=\"wp-image-52 alignnone size-full\" \/><\/p>\n<p>[\/et_pb_blurb][et_pb_blurb title=\u00bbYolanda Coronado Rangel\u00bb _builder_version=\u00bb4.27.2&#8243; _module_preset=\u00bbdefault\u00bb header_level=\u00bbh5&#8243; header_font=\u00bbPoppins||||||||\u00bb header_text_align=\u00bbcenter\u00bb background_color=\u00bb#FFFFFF\u00bb width=\u00bb240px\u00bb module_alignment=\u00bbcenter\u00bb custom_padding=\u00bb10px|10px|5px|10px|false|true\u00bb animation_style=\u00bbfold\u00bb hover_enabled=\u00bb0&#8243; border_radii=\u00bbon|10px|10px|10px|10px\u00bb border_radii_image=\u00bbon|10px|10px|10px|10px\u00bb border_width_all_image=\u00bb2px\u00bb border_color_all_image=\u00bb#84230d\u00bb box_shadow_style=\u00bbpreset1&#8243; box_shadow_blur=\u00bb11px\u00bb global_colors_info=\u00bb{}\u00bb title_text=\u00bbyolanda\u00bb image=\u00bbhttps:\/\/hone.huajicori.gob.mx\/cabildo\/wp-content\/uploads\/2024\/10\/yolanda.jpg\u00bb image_icon_width=\u00bb50%\u00bb sticky_enabled=\u00bb0&#8243; min_height=\u00bb310px\u00bb height=\u00bb310px\u00bb max_height=\u00bb310px\u00bb]<\/p>\n<p style=\"text-align: center;\"><strong>Puesto:<\/strong>Regidor.<br \/><strong>Demarcaci\u00f3n:<\/strong> Plurinominal<br \/><strong>Partido Pol\u00edtico:<\/strong><br \/><img loading=\"lazy\" decoding=\"async\" src=\"https:\/\/hone.huajicori.gob.mx\/cabildo\/wp-content\/uploads\/2024\/10\/descarga.jpg\" width=\"30\" height=\"30\" alt=\"\" class=\"wp-image-51 alignnone size-full\" srcset=\"https:\/\/hone.huajicori.gob.mx\/cabildo\/wp-content\/uploads\/2024\/10\/descarga.jpg 225w, https:\/\/hone.huajicori.gob.mx\/cabildo\/wp-content\/uploads\/2024\/10\/descarga-150x150.jpg 150w\" sizes=\"(max-width: 30px) 100vw, 30px\" \/><\/p>\n<p>[\/et_pb_blurb][\/et_pb_column][et_pb_column type=\u00bb1_4&#8243; _builder_version=\u00bb4.27.2&#8243; _module_preset=\u00bbdefault\u00bb global_colors_info=\u00bb{}\u00bb][et_pb_blurb title=\u00bbMayra Saturnina Salinas Sifuentes\u00bb _builder_version=\u00bb4.27.2&#8243; _module_preset=\u00bbdefault\u00bb header_level=\u00bbh5&#8243; header_font=\u00bbPoppins||||||||\u00bb header_text_align=\u00bbcenter\u00bb background_color=\u00bb#FFFFFF\u00bb width=\u00bb240px\u00bb module_alignment=\u00bbcenter\u00bb custom_padding=\u00bb10px|10px|5px|10px|false|true\u00bb animation_style=\u00bbfold\u00bb hover_enabled=\u00bb0&#8243; border_radii=\u00bbon|10px|10px|10px|10px\u00bb border_radii_image=\u00bbon|10px|10px|10px|10px\u00bb border_width_all_image=\u00bb2px\u00bb border_color_all_image=\u00bb#84230d\u00bb box_shadow_style=\u00bbpreset1&#8243; box_shadow_blur=\u00bb11px\u00bb global_colors_info=\u00bb{}\u00bb title_text=\u00bbMayra\u00bb image=\u00bbhttps:\/\/hone.huajicori.gob.mx\/cabildo\/wp-content\/uploads\/2024\/10\/Mayra.jpg\u00bb image_icon_width=\u00bb50%\u00bb sticky_enabled=\u00bb0&#8243;]<\/p>\n<p style=\"text-align: center;\"><strong>Puesto:<\/strong>Regidor.<br \/><strong>Demarcaci\u00f3n:<\/strong> 5<br \/><strong>Partido Pol\u00edtico:<\/strong><br \/><img loading=\"lazy\" decoding=\"async\" src=\"https:\/\/hone.huajicori.gob.mx\/cabildo\/wp-content\/uploads\/2024\/10\/405242254_742382007936313_6960596378327664193_n-300x300.jpg\" width=\"30\" height=\"30\" alt=\"\" class=\"wp-image-49 alignnone size-medium\" \/> <img loading=\"lazy\" decoding=\"async\" src=\"https:\/\/hone.huajicori.gob.mx\/cabildo\/wp-content\/uploads\/2024\/10\/Perfil-2048x2048-1-300x300.png\" width=\"30\" height=\"30\" alt=\"\" class=\"wp-image-50 alignnone size-medium\" \/> <img loading=\"lazy\" decoding=\"async\" src=\"https:\/\/hone.huajicori.gob.mx\/cabildo\/wp-content\/uploads\/2024\/10\/descarga.jpg\" width=\"30\" height=\"30\" alt=\"\" class=\"wp-image-51 alignnone size-full\" srcset=\"https:\/\/hone.huajicori.gob.mx\/cabildo\/wp-content\/uploads\/2024\/10\/descarga.jpg 225w, https:\/\/hone.huajicori.gob.mx\/cabildo\/wp-content\/uploads\/2024\/10\/descarga-150x150.jpg 150w\" sizes=\"(max-width: 30px) 100vw, 30px\" \/> <img loading=\"lazy\" decoding=\"async\" src=\"https:\/\/hone.huajicori.gob.mx\/cabildo\/wp-content\/uploads\/2024\/10\/logo.webp\" width=\"30\" height=\"30\" alt=\"\" class=\"wp-image-52 alignnone size-full\" \/><\/p>\n<p>[\/et_pb_blurb][et_pb_blurb title=\u00bbMartha Berenice Valles de la Rosa\u00bb _builder_version=\u00bb4.27.2&#8243; _module_preset=\u00bbdefault\u00bb header_level=\u00bbh5&#8243; header_font=\u00bbPoppins||||||||\u00bb header_text_align=\u00bbcenter\u00bb background_color=\u00bb#FFFFFF\u00bb width=\u00bb240px\u00bb module_alignment=\u00bbcenter\u00bb custom_padding=\u00bb10px|10px|5px|10px|false|true\u00bb animation_style=\u00bbfold\u00bb hover_enabled=\u00bb0&#8243; border_radii=\u00bbon|10px|10px|10px|10px\u00bb border_radii_image=\u00bbon|10px|10px|10px|10px\u00bb border_width_all_image=\u00bb2px\u00bb border_color_all_image=\u00bb#84230d\u00bb box_shadow_style=\u00bbpreset1&#8243; box_shadow_blur=\u00bb11px\u00bb global_colors_info=\u00bb{}\u00bb title_text=\u00bbMartha\u00bb image=\u00bbhttps:\/\/hone.huajicori.gob.mx\/cabildo\/wp-content\/uploads\/2024\/10\/Martha.jpg\u00bb image_icon_width=\u00bb50%\u00bb sticky_enabled=\u00bb0&#8243; min_height=\u00bb310px\u00bb max_height=\u00bb310px\u00bb height=\u00bb310px\u00bb]<\/p>\n<p style=\"text-align: center;\"><strong>Puesto:<\/strong>Regidor.<br \/><strong>Demarcaci\u00f3n:<\/strong> Plurinominal<br \/><strong>Partido Pol\u00edtico:<\/strong><br \/><img loading=\"lazy\" decoding=\"async\" src=\"https:\/\/hone.huajicori.gob.mx\/cabildo\/wp-content\/uploads\/2024\/10\/OIP-300x300.jpg\" width=\"30\" height=\"30\" alt=\"\" class=\"wp-image-54 alignnone size-medium\" srcset=\"https:\/\/hone.huajicori.gob.mx\/cabildo\/wp-content\/uploads\/2024\/10\/OIP-300x300.jpg 300w, https:\/\/hone.huajicori.gob.mx\/cabildo\/wp-content\/uploads\/2024\/10\/OIP-150x150.jpg 150w, https:\/\/hone.huajicori.gob.mx\/cabildo\/wp-content\/uploads\/2024\/10\/OIP.jpg 474w\" sizes=\"(max-width: 30px) 100vw, 30px\" \/><\/p>\n<p>[\/et_pb_blurb][\/et_pb_column][et_pb_column type=\u00bb1_4&#8243; _builder_version=\u00bb4.27.2&#8243; _module_preset=\u00bbdefault\u00bb global_colors_info=\u00bb{}\u00bb][et_pb_blurb title=\u00bbJos\u00e9 Cervantes Gonzalez\u00bb _builder_version=\u00bb4.27.2&#8243; _module_preset=\u00bbdefault\u00bb header_level=\u00bbh5&#8243; header_font=\u00bbPoppins||||||||\u00bb header_text_align=\u00bbcenter\u00bb background_color=\u00bb#FFFFFF\u00bb width=\u00bb240px\u00bb module_alignment=\u00bbcenter\u00bb custom_padding=\u00bb10px|10px|5px|10px|false|true\u00bb animation_style=\u00bbfold\u00bb hover_enabled=\u00bb0&#8243; border_radii=\u00bbon|10px|10px|10px|10px\u00bb border_radii_image=\u00bbon|10px|10px|10px|10px\u00bb border_width_all_image=\u00bb2px\u00bb border_color_all_image=\u00bb#84230d\u00bb box_shadow_style=\u00bbpreset1&#8243; box_shadow_blur=\u00bb11px\u00bb global_colors_info=\u00bb{}\u00bb title_text=\u00bbJose\u00bb image=\u00bbhttps:\/\/hone.huajicori.gob.mx\/cabildo\/wp-content\/uploads\/2024\/10\/Jose.jpg\u00bb image_icon_width=\u00bb50%\u00bb sticky_enabled=\u00bb0&#8243;]<\/p>\n<p style=\"text-align: center;\"><strong>Puesto:<\/strong>Regidor.<br \/><strong>Demarcaci\u00f3n:<\/strong> 3<br \/><strong>Partido Pol\u00edtico:<\/strong><br \/><img loading=\"lazy\" decoding=\"async\" src=\"https:\/\/hone.huajicori.gob.mx\/cabildo\/wp-content\/uploads\/2024\/10\/405242254_742382007936313_6960596378327664193_n-300x300.jpg\" width=\"30\" height=\"30\" alt=\"\" class=\"wp-image-49 alignnone size-medium\" \/> <img loading=\"lazy\" decoding=\"async\" src=\"https:\/\/hone.huajicori.gob.mx\/cabildo\/wp-content\/uploads\/2024\/10\/Perfil-2048x2048-1-300x300.png\" width=\"30\" height=\"30\" alt=\"\" class=\"wp-image-50 alignnone size-medium\" \/> <img loading=\"lazy\" decoding=\"async\" src=\"https:\/\/hone.huajicori.gob.mx\/cabildo\/wp-content\/uploads\/2024\/10\/descarga.jpg\" width=\"30\" height=\"30\" alt=\"\" class=\"wp-image-51 alignnone size-full\" srcset=\"https:\/\/hone.huajicori.gob.mx\/cabildo\/wp-content\/uploads\/2024\/10\/descarga.jpg 225w, https:\/\/hone.huajicori.gob.mx\/cabildo\/wp-content\/uploads\/2024\/10\/descarga-150x150.jpg 150w\" sizes=\"(max-width: 30px) 100vw, 30px\" \/> <img loading=\"lazy\" decoding=\"async\" src=\"https:\/\/hone.huajicori.gob.mx\/cabildo\/wp-content\/uploads\/2024\/10\/logo.webp\" width=\"30\" height=\"30\" alt=\"\" class=\"wp-image-52 alignnone size-full\" \/><\/p>\n<p>[\/et_pb_blurb][\/et_pb_column][\/et_pb_row][\/et_pb_section]<\/p>\n","protected":false},"excerpt":{"rendered":"<p>Integrantes del Cabildo del H. XLIII Ayuntamiento de Huajicori, NayaritPuesto: Presidente Municipal.Puesto: Sindico Municipal.Puesto:Regidor.Demarcaci\u00f3n: 1Partido Pol\u00edtico: Puesto:Regidor.Demarcaci\u00f3n: 2Partido Pol\u00edtico: Puesto:Regidor.Demarcaci\u00f3n: 2Partido Pol\u00edtico: Puesto:Regidor.Demarcaci\u00f3n: PlurinominalPartido Pol\u00edtico:Puesto:Regidor.Demarcaci\u00f3n: 5Partido Pol\u00edtico: Puesto:Regidor.Demarcaci\u00f3n: PlurinominalPartido Pol\u00edtico:Puesto:Regidor.Demarcaci\u00f3n: 3Partido Pol\u00edtico:<\/p>\n","protected":false},"author":1,"featured_media":0,"parent":0,"menu_order":0,"comment_status":"closed","ping_status":"closed","template":"","meta":{"_et_pb_use_builder":"on","_et_pb_old_content":"","_et_gb_content_width":"","footnotes":""},"class_list":["post-46","page","type-page","status-publish","hentry"],"aioseo_notices":[],"_links":{"self":[{"href":"https:\/\/hone.huajicori.gob.mx\/cabildo\/wp-json\/wp\/v2\/pages\/46","targetHints":{"allow":["GET"]}}],"collection":[{"href":"https:\/\/hone.huajicori.gob.mx\/cabildo\/wp-json\/wp\/v2\/pages"}],"about":[{"href":"https:\/\/hone.huajicori.gob.mx\/cabildo\/wp-json\/wp\/v2\/types\/page"}],"author":[{"embeddable":true,"href":"https:\/\/hone.huajicori.gob.mx\/cabildo\/wp-json\/wp\/v2\/users\/1"}],"replies":[{"embeddable":true,"href":"https:\/\/hone.huajicori.gob.mx\/cabildo\/wp-json\/wp\/v2\/comments?post=46"}],"version-history":[{"count":36,"href":"https:\/\/hone.huajicori.gob.mx\/cabildo\/wp-json\/wp\/v2\/pages\/46\/revisions"}],"predecessor-version":[{"id":218,"href":"https:\/\/hone.huajicori.gob.mx\/cabildo\/wp-json\/wp\/v2\/pages\/46\/revisions\/218"}],"wp:attachment":[{"href":"https:\/\/hone.huajicori.gob.mx\/cabildo\/wp-json\/wp\/v2\/media?parent=46"}],"curies":[{"name":"wp","href":"https:\/\/api.w.org\/{rel}","templated":true}]}}