{"id":76,"date":"2024-10-23T21:46:54","date_gmt":"2024-10-24T04:46:54","guid":{"rendered":"https:\/\/hone.huajicori.gob.mx\/cabildo\/?page_id=76"},"modified":"2024-10-29T21:02:44","modified_gmt":"2024-10-30T04:02:44","slug":"inicio","status":"publish","type":"page","link":"https:\/\/hone.huajicori.gob.mx\/cabildo\/","title":{"rendered":"inicio"},"content":{"rendered":"<p>[et_pb_section fb_built=\u00bb1&#8243; _builder_version=\u00bb4.27.2&#8243; _module_preset=\u00bbdefault\u00bb background_color=\u00bb#f2f2f2&#8243; custom_margin=\u00bb0px|0px|0px|0px|false|false\u00bb custom_padding=\u00bb0px|0px|0px|0px|false|false\u00bb global_colors_info=\u00bb{}\u00bb][et_pb_row _builder_version=\u00bb4.27.2&#8243; _module_preset=\u00bbdefault\u00bb module_alignment=\u00bbleft\u00bb custom_margin=\u00bb0px|0px|0px|0px|false|false\u00bb custom_padding=\u00bb0px|0px|0px|0px|false|false\u00bb global_colors_info=\u00bb{}\u00bb][et_pb_column type=\u00bb4_4&#8243; _builder_version=\u00bb4.27.2&#8243; _module_preset=\u00bbdefault\u00bb global_colors_info=\u00bb{}\u00bb][et_pb_text _builder_version=\u00bb4.27.2&#8243; _module_preset=\u00bbdefault\u00bb text_font=\u00bb&#8211;et_global_body_font||||||||\u00bb text_text_color=\u00bb#4f0303&#8243; text_font_size=\u00bb20px\u00bb custom_padding=\u00bb15px||15px|50px|false|false\u00bb global_colors_info=\u00bb{}\u00bb]<\/p>\n<p>Gaceta Municipal <strong>H. XLIII Ayuntamiento de Huajicori, Nayarit<\/strong><\/p>\n<p>[\/et_pb_text][\/et_pb_column][\/et_pb_row][\/et_pb_section][et_pb_section fb_built=\u00bb1&#8243; _builder_version=\u00bb4.27.2&#8243; _module_preset=\u00bbdefault\u00bb background_color=\u00bb#f2f2f2&#8243; module_alignment=\u00bbcenter\u00bb min_height=\u00bb880.4px\u00bb custom_margin=\u00bb||||false|false\u00bb custom_padding=\u00bb2px|||20px|false|false\u00bb global_colors_info=\u00bb{}\u00bb][et_pb_row column_structure=\u00bb3_4,1_4&#8243; use_custom_gutter=\u00bbon\u00bb gutter_width=\u00bb1&#8243; _builder_version=\u00bb4.27.2&#8243; _module_preset=\u00bbdefault\u00bb background_color=\u00bb#FFFFFF\u00bb width=\u00bb90.2%\u00bb max_width=\u00bb95%\u00bb module_alignment=\u00bbleft\u00bb min_height=\u00bb660.2px\u00bb custom_margin=\u00bb|auto|||false|false\u00bb custom_padding=\u00bb||||false|false\u00bb border_width_top=\u00bb5px\u00bb border_color_top=\u00bb#aa1616&#8243; box_shadow_style=\u00bbpreset2&#8243; global_colors_info=\u00bb{}\u00bb][et_pb_column type=\u00bb3_4&#8243; _builder_version=\u00bb4.27.2&#8243; _module_preset=\u00bbdefault\u00bb global_colors_info=\u00bb{}\u00bb][et_pb_blurb image=\u00bbhttps:\/\/hone.huajicori.gob.mx\/cabildo\/wp-content\/uploads\/2024\/10\/Sin-titulo-1.png\u00bb content_max_width=\u00bb80%\u00bb _builder_version=\u00bb4.27.2&#8243; _module_preset=\u00bbdefault\u00bb body_font=\u00bbPoppins|300|||||||\u00bb body_text_align=\u00bbjustify\u00bb body_text_color=\u00bb#590100&#8243; body_font_size=\u00bb17px\u00bb background_color=\u00bb#FFFFFF\u00bb text_orientation=\u00bbjustified\u00bb width=\u00bb80%\u00bb module_alignment=\u00bbleft\u00bb custom_margin=\u00bb|215px||||\u00bb text_shadow_style=\u00bbpreset1&#8243; text_shadow_vertical_length=\u00bb0.01em\u00bb global_colors_info=\u00bb{}\u00bb min_height=\u00bb535.3px\u00bb]<\/p>\n<p><span><strong>Gaceta Municipal.-<\/strong> \u00d3rgano Oficial del Gobierno Municipal de Huajicori, Nayarit, que tiene como finalidad publicar todas aquellas disposiciones emanadas de autoridad competente que tengan aplicaci\u00f3n en el \u00e1mbito del municipio, y de las solicitadas por los particulares en los t\u00e9rminos de la normatividad correspondiente. de car\u00e1cter permanente, cuya finalidad es dar publicidad a las disposiciones que se encuentran especificadas en este ordenamiento, a fin de difundirlas entre la poblaci\u00f3n y que sean aplicadas y observadas debidamente.<\/span><\/p>\n<p>[\/et_pb_blurb][\/et_pb_column][et_pb_column type=\u00bb1_4&#8243; _builder_version=\u00bb4.27.2&#8243; _module_preset=\u00bbdefault\u00bb global_colors_info=\u00bb{}\u00bb][et_pb_image src=\u00bbhttps:\/\/hone.huajicori.gob.mx\/cabildo\/wp-content\/uploads\/2024\/10\/escudo-1-1-480&#215;525-1.png\u00bb title_text=\u00bbescudo-1-1-480&#215;525&#8243; _builder_version=\u00bb4.27.2&#8243; _module_preset=\u00bbdefault\u00bb custom_margin=\u00bb|||-220px||\u00bb animation_style=\u00bbfade\u00bb animation_duration=\u00bb1500ms\u00bb global_colors_info=\u00bb{}\u00bb][\/et_pb_image][\/et_pb_column][\/et_pb_row][\/et_pb_section]<\/p>\n","protected":false},"excerpt":{"rendered":"<p>Gaceta Municipal H. XLIII Ayuntamiento de Huajicori, NayaritGaceta Municipal.- \u00d3rgano Oficial del Gobierno Municipal de Huajicori, Nayarit, que tiene como finalidad publicar todas aquellas disposiciones emanadas de autoridad competente que tengan aplicaci\u00f3n en el \u00e1mbito del municipio, y de las solicitadas por los particulares en los t\u00e9rminos de la normatividad correspondiente. de car\u00e1cter permanente, cuya [&hellip;]<\/p>\n","protected":false},"author":1,"featured_media":0,"parent":0,"menu_order":0,"comment_status":"closed","ping_status":"closed","template":"","meta":{"_et_pb_use_builder":"on","_et_pb_old_content":"","_et_gb_content_width":"","footnotes":""},"class_list":["post-76","page","type-page","status-publish","hentry"],"aioseo_notices":[],"_links":{"self":[{"href":"https:\/\/hone.huajicori.gob.mx\/cabildo\/wp-json\/wp\/v2\/pages\/76","targetHints":{"allow":["GET"]}}],"collection":[{"href":"https:\/\/hone.huajicori.gob.mx\/cabildo\/wp-json\/wp\/v2\/pages"}],"about":[{"href":"https:\/\/hone.huajicori.gob.mx\/cabildo\/wp-json\/wp\/v2\/types\/page"}],"author":[{"embeddable":true,"href":"https:\/\/hone.huajicori.gob.mx\/cabildo\/wp-json\/wp\/v2\/users\/1"}],"replies":[{"embeddable":true,"href":"https:\/\/hone.huajicori.gob.mx\/cabildo\/wp-json\/wp\/v2\/comments?post=76"}],"version-history":[{"count":17,"href":"https:\/\/hone.huajicori.gob.mx\/cabildo\/wp-json\/wp\/v2\/pages\/76\/revisions"}],"predecessor-version":[{"id":171,"href":"https:\/\/hone.huajicori.gob.mx\/cabildo\/wp-json\/wp\/v2\/pages\/76\/revisions\/171"}],"wp:attachment":[{"href":"https:\/\/hone.huajicori.gob.mx\/cabildo\/wp-json\/wp\/v2\/media?parent=76"}],"curies":[{"name":"wp","href":"https:\/\/api.w.org\/{rel}","templated":true}]}}