{"id":786,"date":"2022-03-05T19:28:22","date_gmt":"2022-03-06T02:28:22","guid":{"rendered":"https:\/\/hone.huajicori.gob.mx\/oromapas\/?page_id=786"},"modified":"2022-03-05T19:57:20","modified_gmt":"2022-03-06T02:57:20","slug":"inicio","status":"publish","type":"page","link":"https:\/\/hone.huajicori.gob.mx\/oromapas\/","title":{"rendered":"Inicio"},"content":{"rendered":"<p>[et_pb_section fb_built=\u00bb1&#8243; theme_builder_area=\u00bbpost_content\u00bb _builder_version=\u00bb4.14.8&#8243; _module_preset=\u00bbdefault\u00bb custom_padding=\u00bb15px||15px|||\u00bb][et_pb_row _builder_version=\u00bb4.14.8&#8243; _module_preset=\u00bbdefault\u00bb theme_builder_area=\u00bbpost_content\u00bb custom_padding=\u00bb9px|||||\u00bb][et_pb_column _builder_version=\u00bb4.14.8&#8243; _module_preset=\u00bbdefault\u00bb type=\u00bb4_4&#8243; theme_builder_area=\u00bbpost_content\u00bb][et_pb_text _builder_version=\u00bb4.14.8&#8243; _module_preset=\u00bbdefault\u00bb theme_builder_area=\u00bbpost_content\u00bb hover_enabled=\u00bb0&#8243; sticky_enabled=\u00bb0&#8243;]<\/p>\n<p style=\"text-align: center;\"><span style=\"color: #800000;\">El Organismo Operador Municipal de Agua Potable, Alcantarillado y Saneamiento de Huajicori, esta compromentido en roporcionar servicio integral, eficiente y de calidad al usuario mediante la operaci\u00f3n, administraci\u00f3n,rehabilitaci\u00f3n, ampliaci\u00f3n y conservaci\u00f3n de los servicios en nuestro municipio. Ademas, difundir y motivar en los usuarios el uso racional del agua mediante el programa Cultura del Agua.<\/span><\/p>\n<p>[\/et_pb_text][\/et_pb_column][\/et_pb_row][et_pb_row _builder_version=\u00bb4.14.8&#8243; _module_preset=\u00bbdefault\u00bb theme_builder_area=\u00bbpost_content\u00bb custom_padding=\u00bb4px||1px|||\u00bb][et_pb_column _builder_version=\u00bb4.14.8&#8243; _module_preset=\u00bbdefault\u00bb type=\u00bb4_4&#8243; theme_builder_area=\u00bbpost_content\u00bb][et_pb_divider _builder_version=\u00bb4.14.8&#8243; _module_preset=\u00bbdefault\u00bb theme_builder_area=\u00bbpost_content\u00bb color=\u00bb#0C71C3&#8243; divider_style=\u00bbdotted\u00bb width=\u00bb100%\u00bb hover_enabled=\u00bb0&#8243; sticky_enabled=\u00bb0&#8243; custom_padding=\u00bb||0px|||\u00bb][\/et_pb_divider][\/et_pb_column][\/et_pb_row][\/et_pb_section][et_pb_section fb_built=\u00bb1&#8243; theme_builder_area=\u00bbpost_content\u00bb _builder_version=\u00bb4.14.8&#8243; _module_preset=\u00bbdefault\u00bb custom_padding=\u00bb3px||18px|||\u00bb][et_pb_row _builder_version=\u00bb4.14.8&#8243; _module_preset=\u00bbdefault\u00bb theme_builder_area=\u00bbpost_content\u00bb custom_padding=\u00bb||0px|||\u00bb][et_pb_column _builder_version=\u00bb4.14.8&#8243; _module_preset=\u00bbdefault\u00bb type=\u00bb4_4&#8243; theme_builder_area=\u00bbpost_content\u00bb][et_pb_gallery _builder_version=\u00bb4.14.8&#8243; _module_preset=\u00bbdefault\u00bb theme_builder_area=\u00bbpost_content\u00bb hover_enabled=\u00bb0&#8243; sticky_enabled=\u00bb0&#8243; custom_padding=\u00bb||0px|||\u00bb gallery_ids=\u00bb791,792,793,794,795,796,797,798,799,800,801,802,803,804&#8243; border_width_all_image=\u00bb3px\u00bb border_style_all_image=\u00bbridge\u00bb box_shadow_style_image=\u00bbpreset2&#8243; box_shadow_horizontal_image=\u00bb-8px\u00bb title_level=\u00bbh6&#8243; title_font_size=\u00bb1px\u00bb][\/et_pb_gallery][\/et_pb_column][\/et_pb_row][\/et_pb_section][et_pb_section fb_built=\u00bb1&#8243; theme_builder_area=\u00bbpost_content\u00bb _builder_version=\u00bb4.14.8&#8243; _module_preset=\u00bbdefault\u00bb][et_pb_row _builder_version=\u00bb4.14.8&#8243; _module_preset=\u00bbdefault\u00bb theme_builder_area=\u00bbpost_content\u00bb][et_pb_column _builder_version=\u00bb4.14.8&#8243; _module_preset=\u00bbdefault\u00bb type=\u00bb4_4&#8243; theme_builder_area=\u00bbpost_content\u00bb][\/et_pb_column][\/et_pb_row][\/et_pb_section]<\/p>\n","protected":false},"excerpt":{"rendered":"<p>El Organismo Operador Municipal de Agua Potable, Alcantarillado y Saneamiento de Huajicori, esta compromentido en roporcionar servicio integral, eficiente y de calidad al usuario mediante la operaci\u00f3n, administraci\u00f3n,rehabilitaci\u00f3n, ampliaci\u00f3n y conservaci\u00f3n de los servicios en nuestro municipio. Ademas, difundir y motivar en los usuarios el uso racional del agua mediante el programa Cultura del Agua.<\/p>\n","protected":false},"author":1,"featured_media":0,"parent":0,"menu_order":0,"comment_status":"closed","ping_status":"closed","template":"","meta":{"_et_pb_use_builder":"on","_et_pb_old_content":"","_et_gb_content_width":"","footnotes":""},"class_list":["post-786","page","type-page","status-publish","hentry"],"yoast_head":"<!-- This site is optimized with the Yoast SEO plugin v27.5 - https:\/\/yoast.com\/product\/yoast-seo-wordpress\/ -->\n<title>Inicio - Municipio de Huajicori<\/title>\n<meta name=\"robots\" content=\"index, follow, max-snippet:-1, max-image-preview:large, max-video-preview:-1\" \/>\n<link rel=\"canonical\" href=\"https:\/\/hone.huajicori.gob.mx\/oromapas\/\" \/>\n<meta property=\"og:locale\" content=\"es_ES\" \/>\n<meta property=\"og:type\" content=\"article\" \/>\n<meta property=\"og:title\" content=\"Inicio - Municipio de Huajicori\" \/>\n<meta property=\"og:description\" content=\"El Organismo Operador Municipal de Agua Potable, Alcantarillado y Saneamiento de Huajicori, esta compromentido en roporcionar servicio integral, eficiente y de calidad al usuario mediante la operaci\u00f3n, administraci\u00f3n,rehabilitaci\u00f3n, ampliaci\u00f3n y conservaci\u00f3n de los servicios en nuestro municipio. Ademas, difundir y motivar en los usuarios el uso racional del agua mediante el programa Cultura del Agua.\" \/>\n<meta property=\"og:url\" content=\"https:\/\/hone.huajicori.gob.mx\/oromapas\/\" \/>\n<meta property=\"og:site_name\" content=\"Municipio de Huajicori\" \/>\n<meta property=\"article:modified_time\" content=\"2022-03-06T02:57:20+00:00\" \/>\n<meta name=\"twitter:card\" content=\"summary_large_image\" \/>\n<script type=\"application\/ld+json\" class=\"yoast-schema-graph\">{\"@context\":\"https:\\\/\\\/schema.org\",\"@graph\":[{\"@type\":\"WebPage\",\"@id\":\"https:\\\/\\\/hone.huajicori.gob.mx\\\/oromapas\\\/\",\"url\":\"https:\\\/\\\/hone.huajicori.gob.mx\\\/oromapas\\\/\",\"name\":\"Inicio - Municipio de Huajicori\",\"isPartOf\":{\"@id\":\"https:\\\/\\\/hone.huajicori.gob.mx\\\/oromapas\\\/#website\"},\"datePublished\":\"2022-03-06T02:28:22+00:00\",\"dateModified\":\"2022-03-06T02:57:20+00:00\",\"breadcrumb\":{\"@id\":\"https:\\\/\\\/hone.huajicori.gob.mx\\\/oromapas\\\/#breadcrumb\"},\"inLanguage\":\"es\",\"potentialAction\":[{\"@type\":\"ReadAction\",\"target\":[\"https:\\\/\\\/hone.huajicori.gob.mx\\\/oromapas\\\/\"]}]},{\"@type\":\"BreadcrumbList\",\"@id\":\"https:\\\/\\\/hone.huajicori.gob.mx\\\/oromapas\\\/#breadcrumb\",\"itemListElement\":[{\"@type\":\"ListItem\",\"position\":1,\"name\":\"Inicio\",\"item\":\"https:\\\/\\\/hone.huajicori.gob.mx\\\/oromapas\\\/\"},{\"@type\":\"ListItem\",\"position\":2,\"name\":\"Inicio\"}]},{\"@type\":\"WebSite\",\"@id\":\"https:\\\/\\\/hone.huajicori.gob.mx\\\/oromapas\\\/#website\",\"url\":\"https:\\\/\\\/hone.huajicori.gob.mx\\\/oromapas\\\/\",\"name\":\"Municipio de Huajicori\",\"description\":\"Municipio de Huajicori\",\"potentialAction\":[{\"@type\":\"SearchAction\",\"target\":{\"@type\":\"EntryPoint\",\"urlTemplate\":\"https:\\\/\\\/hone.huajicori.gob.mx\\\/oromapas\\\/?s={search_term_string}\"},\"query-input\":{\"@type\":\"PropertyValueSpecification\",\"valueRequired\":true,\"valueName\":\"search_term_string\"}}],\"inLanguage\":\"es\"}]}<\/script>\n<!-- \/ Yoast SEO plugin. -->","yoast_head_json":{"title":"Inicio - Municipio de Huajicori","robots":{"index":"index","follow":"follow","max-snippet":"max-snippet:-1","max-image-preview":"max-image-preview:large","max-video-preview":"max-video-preview:-1"},"canonical":"https:\/\/hone.huajicori.gob.mx\/oromapas\/","og_locale":"es_ES","og_type":"article","og_title":"Inicio - Municipio de Huajicori","og_description":"El Organismo Operador Municipal de Agua Potable, Alcantarillado y Saneamiento de Huajicori, esta compromentido en roporcionar servicio integral, eficiente y de calidad al usuario mediante la operaci\u00f3n, administraci\u00f3n,rehabilitaci\u00f3n, ampliaci\u00f3n y conservaci\u00f3n de los servicios en nuestro municipio. Ademas, difundir y motivar en los usuarios el uso racional del agua mediante el programa Cultura del Agua.","og_url":"https:\/\/hone.huajicori.gob.mx\/oromapas\/","og_site_name":"Municipio de Huajicori","article_modified_time":"2022-03-06T02:57:20+00:00","twitter_card":"summary_large_image","schema":{"@context":"https:\/\/schema.org","@graph":[{"@type":"WebPage","@id":"https:\/\/hone.huajicori.gob.mx\/oromapas\/","url":"https:\/\/hone.huajicori.gob.mx\/oromapas\/","name":"Inicio - Municipio de Huajicori","isPartOf":{"@id":"https:\/\/hone.huajicori.gob.mx\/oromapas\/#website"},"datePublished":"2022-03-06T02:28:22+00:00","dateModified":"2022-03-06T02:57:20+00:00","breadcrumb":{"@id":"https:\/\/hone.huajicori.gob.mx\/oromapas\/#breadcrumb"},"inLanguage":"es","potentialAction":[{"@type":"ReadAction","target":["https:\/\/hone.huajicori.gob.mx\/oromapas\/"]}]},{"@type":"BreadcrumbList","@id":"https:\/\/hone.huajicori.gob.mx\/oromapas\/#breadcrumb","itemListElement":[{"@type":"ListItem","position":1,"name":"Inicio","item":"https:\/\/hone.huajicori.gob.mx\/oromapas\/"},{"@type":"ListItem","position":2,"name":"Inicio"}]},{"@type":"WebSite","@id":"https:\/\/hone.huajicori.gob.mx\/oromapas\/#website","url":"https:\/\/hone.huajicori.gob.mx\/oromapas\/","name":"Municipio de Huajicori","description":"Municipio de Huajicori","potentialAction":[{"@type":"SearchAction","target":{"@type":"EntryPoint","urlTemplate":"https:\/\/hone.huajicori.gob.mx\/oromapas\/?s={search_term_string}"},"query-input":{"@type":"PropertyValueSpecification","valueRequired":true,"valueName":"search_term_string"}}],"inLanguage":"es"}]}},"_links":{"self":[{"href":"https:\/\/hone.huajicori.gob.mx\/oromapas\/wp-json\/wp\/v2\/pages\/786","targetHints":{"allow":["GET"]}}],"collection":[{"href":"https:\/\/hone.huajicori.gob.mx\/oromapas\/wp-json\/wp\/v2\/pages"}],"about":[{"href":"https:\/\/hone.huajicori.gob.mx\/oromapas\/wp-json\/wp\/v2\/types\/page"}],"author":[{"embeddable":true,"href":"https:\/\/hone.huajicori.gob.mx\/oromapas\/wp-json\/wp\/v2\/users\/1"}],"replies":[{"embeddable":true,"href":"https:\/\/hone.huajicori.gob.mx\/oromapas\/wp-json\/wp\/v2\/comments?post=786"}],"version-history":[{"count":3,"href":"https:\/\/hone.huajicori.gob.mx\/oromapas\/wp-json\/wp\/v2\/pages\/786\/revisions"}],"predecessor-version":[{"id":805,"href":"https:\/\/hone.huajicori.gob.mx\/oromapas\/wp-json\/wp\/v2\/pages\/786\/revisions\/805"}],"wp:attachment":[{"href":"https:\/\/hone.huajicori.gob.mx\/oromapas\/wp-json\/wp\/v2\/media?parent=786"}],"curies":[{"name":"wp","href":"https:\/\/api.w.org\/{rel}","templated":true}]}}